{"id":1210,"date":"2019-02-01T15:20:13","date_gmt":"2019-02-01T14:20:13","guid":{"rendered":"http:\/\/floorprotector.at.w00f609c.kasserver.com\/fidbox\/?page_id=1210"},"modified":"2026-03-19T08:41:29","modified_gmt":"2026-03-19T07:41:29","slug":"agb","status":"publish","type":"page","link":"https:\/\/floorprotector.at\/fidbox\/agb\/","title":{"rendered":"AGB"},"content":{"rendered":"\t\t<div data-elementor-type=\"wp-post\" data-elementor-id=\"1210\" class=\"elementor elementor-1210\" data-elementor-post-type=\"page\">\n\t\t\t\t\t\t<section class=\"elementor-section elementor-top-section elementor-element elementor-element-4d6e06f elementor-section-boxed elementor-section-height-default elementor-section-height-default\" data-id=\"4d6e06f\" data-element_type=\"section\" data-e-type=\"section\">\n\t\t\t\t\t\t<div class=\"elementor-container elementor-column-gap-default\">\n\t\t\t\t\t<div class=\"elementor-column elementor-col-100 elementor-top-column elementor-element elementor-element-1dad0d9\" data-id=\"1dad0d9\" data-element_type=\"column\" data-e-type=\"column\">\n\t\t\t<div class=\"elementor-widget-wrap elementor-element-populated\">\n\t\t\t\t\t\t<div class=\"elementor-element elementor-element-b1b36d9 elementor-widget elementor-widget-heading\" data-id=\"b1b36d9\" data-element_type=\"widget\" data-e-type=\"widget\" data-widget_type=\"heading.default\">\n\t\t\t\t<div class=\"elementor-widget-container\">\n\t\t\t\t\t<h1 class=\"elementor-heading-title elementor-size-default\">AGB<\/h1>\t\t\t\t<\/div>\n\t\t\t\t<\/div>\n\t\t\t\t<div class=\"elementor-element elementor-element-f4f91bf elementor-widget elementor-widget-text-editor\" data-id=\"f4f91bf\" data-element_type=\"widget\" data-e-type=\"widget\" data-widget_type=\"text-editor.default\">\n\t\t\t\t<div class=\"elementor-widget-container\">\n\t\t\t\t\t\t\t\t\t<p><strong>Allgemeine Gesch\u00e4ftsbedingungen 0717 &#8211; Verkauf<br \/><\/strong><br \/><strong>\u00a7 1 Allgemeines<\/strong><br \/>Unsere Gesch\u00e4ftsbedingungen sind ein wesentlicher Bestandteil unserer Vertr\u00e4ge. Abweichungen binden uns nur, wenn sie schriftlich vereinbart sind.<\/p><p><strong>\u00a7 2 Angebote<\/strong><br \/>Unsere Angebote erfolgen freibleibend.<\/p><p><strong>\u00a7 3 Eigentumsvorbehalt<\/strong><br \/>Die Ware bleibt bis zur vollst\u00e4ndigen Bezahlung unser Eigentum.<\/p><p><strong>\u00a7 4 Transport<\/strong><br \/>Sofern nichts anderes vereinbart ist, erfolgt der Versand der Ware auf Kosten und Gefahr des Kunden. Wir w\u00e4hlen die uns g\u00fcnstig erscheinende Versand- und Verpackungsart.<\/p><p><strong>\u00a7 5 Lieferzeit<\/strong><br \/>Die von uns angegebene Lieferzeit beginnt mit Einlangen der Auftragsbest\u00e4tigung bei Ihnen und wird mit dem Tag der Versendung bzw. Versandbereitschaft eingehalten. \u00c4nderungen in der Ausf\u00fchrung heben den Liefertermin auf und bedingen dessen Neufestsetzung.<\/p><p><strong>\u00a7 6 Gew\u00e4hrleistung<\/strong><br \/>Wir gew\u00e4hrleisten f\u00fcr die Dauer von 12 Monaten, dass die Waren den Beschreibungen entsprechen und nicht mit Fehlern behaftet sind, die ihre Tauglichkeit demgegen\u00fcber aufheben oder mindern. Eine unerhebliche Minderung bleibt au\u00dfer Betracht. Treten bei vertragsgem\u00e4\u00dfer Nutzung Fehler auf, hat der Kunde diese unverz\u00fcglich, sp\u00e4testens binnen 7 Tagen, in schriftlicher Form, unter Angabe der f\u00fcr die Fehlerbeseitigung zweckdienlichen Informationen zu melden. Er hat uns im Rahmen des Zumutbaren bei der Beseitigung von Fehlern zu unterst\u00fctzen.<br \/>Der Kunde kann eine angemessene Frist f\u00fcr die Beseitigung der Fehler setzen. Verstreicht sie nutzlos, kann er unter den gesetzlichen Voraussetzungen Herabsetzung der Verg\u00fctung verlangen oder vom Vertrag zur\u00fccktreten.<br \/>Die Gew\u00e4hrleistung erlischt f\u00fcr solche Waren, die der Kunde \u00e4ndert oder in die er sonst wie eingreift, es sei denn, dass der Kunde im Zusammenhang mit der Fehlermeldung nachweist, dass er f\u00fcr den Fehler nicht urs\u00e4chlich ist.<br \/>Wir k\u00f6nnen die Verg\u00fctung des Aufwandes verlangen, soweit wir auf Grund einer Fehlermeldung t\u00e4tig geworden sind und nachweisen, dass kein Fehler vorgelegen hat.<\/p><p><strong>\u00a7 7 Schadenersatz<\/strong><br \/>Wir leisten nur Schadenersatz, wenn uns Vorsatz oder grobe Fahrl\u00e4ssigkeit vorzuwerfen ist. Der H\u00f6he<br \/>nach ist ein allf\u00e4lliger Schadenersatz mit dem Preis der Ware begrenzt.<\/p><p><b>\u00a7 8 Zahlung<\/b><br \/>Soweit nichts anderes bestimmt ist, sind die Rechnungen binnen 30 Tagen zu bezahlen. Bei Zahlung binnen 14 Tagen werden 3 % Skonto gew\u00e4hrt. Bei Zahlungsverzug werden neben Mahn- und Inkassokosten 1 % pro Monat Verzugszinsen in Ansatz gebracht.<br \/>Allen Preisen wird die Umsatzsteuer in der jeweiligen gesetzlichen H\u00f6he hinzugerechnet.<\/p><p><b>\u00a7 9 Aufrechnung<\/b><br \/>Die Aufrechnung von Gegenforderungen gegen unsere Anspr\u00fcche ist ausgeschlossen, es sei denn,<br \/>sie ist gerichtlich festgestellt oder von uns anerkannt.<\/p><p><b>\u00a7 10 Verk\u00fcrzung \u00fcber die H\u00e4lfte<\/b><br \/>Die Anwendbarkeit des \u00a7 934 ABGB wird ausgeschlossen.<\/p><p><b>\u00a7 11 Datenschutz<\/b><br \/>Unserer Produkte \u00fcbermitteln bestimmungsgem\u00e4\u00df die Daten f\u00fcr Temperatur und Feuchtigkeit sowie die Ger\u00e4tenummer und den Zeitpunkt der Inbetriebnahme per Funk. Der Kunde erkl\u00e4rt sich mit solchen \u00dcbermittlungen ausdr\u00fccklich einverstanden.<\/p><p><b>\u00a7 12 Ausfuhrgenehmigungen<\/b><br \/>Soweit die Ware oder Teile der Ware einer US-Export-Lizenz unterliegen, ist die Ware ausschlie\u00dflich zum Verbleib in \u00d6sterreich bestimmt. Die Ausfuhr solcher Waren besteht unter der Bedingung, dass die erforderlichen Ausfuhrbedingungen erteilt werden und keine sonstigen ausfuhrrechtlichen Hindernisse entgegenstehen. Der Kunde verpflichtet sich f\u00fcr den Fall der beabsichtigten Wiederausfuhr, die nach den jeweils geltenden US-Export-Regulationsnotwendige US-Export-Lizenz zu beantragen und die Wiederausfuhr erst nach <strong>Erteilung<\/strong> der US-Export-Lizenz vorzunehmen.<\/p><p><b>\u00a7 13 Anzuwendendes Recht, Gerichtsstand<\/b><br \/>Es gilt \u00f6sterreichisches Recht. Gerichtsstand und Erf\u00fcllungsort ist Wiener Neustadt.<\/p>\t\t\t\t\t\t\t\t<\/div>\n\t\t\t\t<\/div>\n\t\t\t\t\t<\/div>\n\t\t<\/div>\n\t\t\t\t\t<\/div>\n\t\t<\/section>\n\t\t\t\t<\/div>\n\t\t","protected":false},"excerpt":{"rendered":"<p>AGB Allgemeine Gesch\u00e4ftsbedingungen 0717 &#8211; Verkauf\u00a7 1 AllgemeinesUnsere Gesch\u00e4ftsbedingungen sind ein wesentlicher Bestandteil unserer Vertr\u00e4ge. Abweichungen binden uns nur, wenn sie schriftlich vereinbart sind. \u00a7 2 AngeboteUnsere Angebote erfolgen freibleibend. \u00a7 3 EigentumsvorbehaltDie Ware bleibt bis zur vollst\u00e4ndigen Bezahlung unser Eigentum. \u00a7 4 TransportSofern nichts anderes vereinbart ist, erfolgt der Versand der Ware auf Kosten [&hellip;]<\/p>\n","protected":false},"author":1,"featured_media":0,"parent":0,"menu_order":0,"comment_status":"closed","ping_status":"closed","template":"","meta":{"site-sidebar-layout":"no-sidebar","site-content-layout":"page-builder","ast-site-content-layout":"default","site-content-style":"default","site-sidebar-style":"default","ast-global-header-display":"","ast-banner-title-visibility":"","ast-main-header-display":"","ast-hfb-above-header-display":"","ast-hfb-below-header-display":"","ast-hfb-mobile-header-display":"","site-post-title":"disabled","ast-breadcrumbs-content":"","ast-featured-img":"disabled","footer-sml-layout":"","ast-disable-related-posts":"","theme-transparent-header-meta":"default","adv-header-id-meta":"","stick-header-meta":"default","header-above-stick-meta":"","header-main-stick-meta":"","header-below-stick-meta":"","astra-migrate-meta-layouts":"default","ast-page-background-enabled":"default","ast-page-background-meta":{"desktop":{"background-color":"","background-image":"","background-repeat":"repeat","background-position":"center center","background-size":"auto","background-attachment":"scroll","background-type":"","background-media":"","overlay-type":"","overlay-color":"","overlay-opacity":"","overlay-gradient":""},"tablet":{"background-color":"","background-image":"","background-repeat":"repeat","background-position":"center center","background-size":"auto","background-attachment":"scroll","background-type":"","background-media":"","overlay-type":"","overlay-color":"","overlay-opacity":"","overlay-gradient":""},"mobile":{"background-color":"","background-image":"","background-repeat":"repeat","background-position":"center center","background-size":"auto","background-attachment":"scroll","background-type":"","background-media":"","overlay-type":"","overlay-color":"","overlay-opacity":"","overlay-gradient":""}},"ast-content-background-meta":{"desktop":{"background-color":"var(--ast-global-color-5)","background-image":"","background-repeat":"repeat","background-position":"center center","background-size":"auto","background-attachment":"scroll","background-type":"","background-media":"","overlay-type":"","overlay-color":"","overlay-opacity":"","overlay-gradient":""},"tablet":{"background-color":"var(--ast-global-color-5)","background-image":"","background-repeat":"repeat","background-position":"center center","background-size":"auto","background-attachment":"scroll","background-type":"","background-media":"","overlay-type":"","overlay-color":"","overlay-opacity":"","overlay-gradient":""},"mobile":{"background-color":"var(--ast-global-color-5)","background-image":"","background-repeat":"repeat","background-position":"center center","background-size":"auto","background-attachment":"scroll","background-type":"","background-media":"","overlay-type":"","overlay-color":"","overlay-opacity":"","overlay-gradient":""}},"footnotes":""},"class_list":["post-1210","page","type-page","status-publish","hentry"],"aioseo_notices":[],"_links":{"self":[{"href":"https:\/\/floorprotector.at\/fidbox\/wp-json\/wp\/v2\/pages\/1210","targetHints":{"allow":["GET"]}}],"collection":[{"href":"https:\/\/floorprotector.at\/fidbox\/wp-json\/wp\/v2\/pages"}],"about":[{"href":"https:\/\/floorprotector.at\/fidbox\/wp-json\/wp\/v2\/types\/page"}],"author":[{"embeddable":true,"href":"https:\/\/floorprotector.at\/fidbox\/wp-json\/wp\/v2\/users\/1"}],"replies":[{"embeddable":true,"href":"https:\/\/floorprotector.at\/fidbox\/wp-json\/wp\/v2\/comments?post=1210"}],"version-history":[{"count":15,"href":"https:\/\/floorprotector.at\/fidbox\/wp-json\/wp\/v2\/pages\/1210\/revisions"}],"predecessor-version":[{"id":2105,"href":"https:\/\/floorprotector.at\/fidbox\/wp-json\/wp\/v2\/pages\/1210\/revisions\/2105"}],"wp:attachment":[{"href":"https:\/\/floorprotector.at\/fidbox\/wp-json\/wp\/v2\/media?parent=1210"}],"curies":[{"name":"wp","href":"https:\/\/api.w.org\/{rel}","templated":true}]}}