{"id":60,"date":"2017-02-14T17:14:07","date_gmt":"2017-02-14T16:14:07","guid":{"rendered":"http:\/\/www.mariokwas.at\/?page_id=60"},"modified":"2024-02-09T08:05:30","modified_gmt":"2024-02-09T07:05:30","slug":"impressum","status":"publish","type":"page","link":"https:\/\/floorprotector.at\/easylogger\/impressum\/","title":{"rendered":"Impressum"},"content":{"rendered":"\t\t<div data-elementor-type=\"wp-post\" data-elementor-id=\"60\" class=\"elementor elementor-60\" data-elementor-post-type=\"page\">\n\t\t\t\t\t\t<section class=\"elementor-section elementor-top-section elementor-element elementor-element-38cb911 elementor-section-boxed elementor-section-height-default elementor-section-height-default\" data-id=\"38cb911\" data-element_type=\"section\" data-e-type=\"section\">\n\t\t\t\t\t\t<div class=\"elementor-container elementor-column-gap-default\">\n\t\t\t\t\t<div class=\"elementor-column elementor-col-100 elementor-top-column elementor-element elementor-element-95f8eef\" data-id=\"95f8eef\" data-element_type=\"column\" data-e-type=\"column\">\n\t\t\t<div class=\"elementor-widget-wrap elementor-element-populated\">\n\t\t\t\t\t\t<div class=\"elementor-element elementor-element-9dbd5f5 elementor-widget elementor-widget-heading\" data-id=\"9dbd5f5\" data-element_type=\"widget\" data-e-type=\"widget\" data-widget_type=\"heading.default\">\n\t\t\t\t<div class=\"elementor-widget-container\">\n\t\t\t\t\t<h1 class=\"elementor-heading-title elementor-size-default\">Impressum<\/h1>\t\t\t\t<\/div>\n\t\t\t\t<\/div>\n\t\t\t\t<div class=\"elementor-element elementor-element-9549123 elementor-widget elementor-widget-text-editor\" data-id=\"9549123\" data-element_type=\"widget\" data-e-type=\"widget\" data-widget_type=\"text-editor.default\">\n\t\t\t\t<div class=\"elementor-widget-container\">\n\t\t\t\t\t\t\t\t\t<p><b>Medieninhaber und Herausgeber:<\/b><\/p><p>fp floor protector GmbH <br \/>Waldgasse 2<br \/><span style=\"font-size: 17px;\">A-2700 Wr. Neustadt<\/span><\/p><p>Fon.: +43 2774 29701 <br \/>Fax: +43 2774 29701-19<br \/>E-Mail:\u00a0<a href=\"mailto:office@floorprotector.at\">office@floorprotector.at<\/a><\/p><p><b>Informationspflicht nach \u00a75 e-commerce Gesetz:<\/b><\/p><p>fp floor protector GmbH <br \/>Waldgasse 2<br \/><span style=\"font-size: 17px;\">A-2700 Wr. Neustadt<\/span><\/p><p>Firmenbuchnummer: FN 332 342b<br \/>UID-Nummer: ATU 652 317 14<br \/>Gerichtsstand: Wr. Neustadt<br \/>Kammerzugeh\u00f6rigkeit: Wirtschaftskammer N\u00d6<\/p><p><b>Gesch\u00e4ftsf\u00fchrung:<\/b><span style=\"font-size: 17px;\"><br \/><\/span><span style=\"font-size: 17px;\">Alfred Puchegger<\/span><span style=\"font-size: 17px;\"><br \/><\/span><\/p><p><b>Urheberrechte:<\/b><br \/><span style=\"font-size: 17px;\">Bilder: Copyright fp floor protector GmbH, alle Rechte vorbehalten. Aufbau, Design und Inhalte dieser Website sind urheberrechtlich gesch\u00fctzt. Die Verwendung bzw. Vervielf\u00e4ltigung von Texten oder Bildmaterial der Website bedarf der vorherigen schriftlichen Zustimmung der fp floor protector GmbH. Diese Informationen d\u00fcrfen nur f\u00fcr den pers\u00f6nlichen Gebrauch genutzt werden. Die Informationen d\u00fcrfen ohne die vorherige schriftliche Zustimmung der fp floor protector GmbH auf keine andere Weise kopiert, verbreitet oder in anderen Dokumenten bzw. in elektronischer Form verwendet werden, au\u00dfer die fp floor protector GmbH stellt diese Informationen ausdr\u00fccklich zur freien weiteren Verwendung (z.B. Download) zur Verf\u00fcgung.\u00a0<\/span><\/p><p>Photos d\u00fcrfen von Journalisten und Redaktionen honorarfrei in Zusammenhang mit fp floor protector GmbH ver\u00f6ffentlicht werden (Belegexemplar erbeten).<\/p><p><span style=\"font-size: 17px;\">Die Informationen auf dieser Website werden laufend gepr\u00fcft und erg\u00e4nzt, trotzdem k\u00f6nnen Daten ihre Aktualit\u00e4t verloren haben. Es wird keine Haftung f\u00fcr Sch\u00e4den \u00fcbernommen, die sich aus der Nutzung dieser Website ergeben. Die Informationen auf dieser Website werden nach bestem Wissen zur Verf\u00fcgung gestellt und entstammen Quellen, die f\u00fcr verl\u00e4sslich gehalten werden. Die fp floor protector GmbH haftet nicht f\u00fcr die Genauigkeit der Informationen auf dieser Website oder f\u00fcr deren Vollst\u00e4ndigkeit, und aus ihnen k\u00f6nnen keinerlei Anspr\u00fcche hergeleitet werden. Insbesondere \u00fcbernimmt die fp floor protector GmbH keine Haftung f\u00fcr Informationen, die mit einem Verweis auf den Urheber dieser Informationen versehen sind und \u00fcbernimmt keine Haftung f\u00fcr allf\u00e4llige Sch\u00e4den, die aus der Verwendung von Informationen auf dieser Website oder auf Websites, auf die von der Website der fp floor protector GmbH verwiesen wird, entstehen. Die fp floor protector GmbH ist nicht Urheber von Websites, auf die von der Website der fp floor protector GmbH verwiesen wird und \u00fcbernimmt folglich auch keinerlei Verantwortung f\u00fcr den Inhalt und den Gebrauch von Informationen solcher Websites.<\/span><\/p>\t\t\t\t\t\t\t\t<\/div>\n\t\t\t\t<\/div>\n\t\t\t\t\t<\/div>\n\t\t<\/div>\n\t\t\t\t\t<\/div>\n\t\t<\/section>\n\t\t\t\t<\/div>\n\t\t","protected":false},"excerpt":{"rendered":"<p>Impressum Medieninhaber und Herausgeber: fp floor protector GmbH Waldgasse 2A-2700 Wr. Neustadt Fon.: +43 2774 29701 Fax: +43 2774 29701-19E-Mail:\u00a0office@floorprotector.at Informationspflicht nach \u00a75 e-commerce Gesetz: fp floor protector GmbH Waldgasse 2A-2700 Wr. Neustadt Firmenbuchnummer: FN 332 342bUID-Nummer: ATU 652 317 14Gerichtsstand: Wr. NeustadtKammerzugeh\u00f6rigkeit: Wirtschaftskammer N\u00d6 Gesch\u00e4ftsf\u00fchrung:Alfred Puchegger Urheberrechte:Bilder: Copyright fp floor protector GmbH, alle Rechte [&hellip;]<\/p>\n","protected":false},"author":1,"featured_media":0,"parent":0,"menu_order":10,"comment_status":"closed","ping_status":"closed","template":"","meta":{"site-sidebar-layout":"default","site-content-layout":"default","ast-site-content-layout":"default","site-content-style":"default","site-sidebar-style":"default","ast-global-header-display":"","ast-banner-title-visibility":"","ast-main-header-display":"","ast-hfb-above-header-display":"","ast-hfb-below-header-display":"","ast-hfb-mobile-header-display":"","site-post-title":"disabled","ast-breadcrumbs-content":"","ast-featured-img":"","footer-sml-layout":"","ast-disable-related-posts":"","theme-transparent-header-meta":"default","adv-header-id-meta":"","stick-header-meta":"default","header-above-stick-meta":"","header-main-stick-meta":"","header-below-stick-meta":"","astra-migrate-meta-layouts":"default","ast-page-background-enabled":"default","ast-page-background-meta":{"desktop":{"background-color":"","background-image":"","background-repeat":"repeat","background-position":"center center","background-size":"auto","background-attachment":"scroll","background-type":"","background-media":"","overlay-type":"","overlay-color":"","overlay-opacity":"","overlay-gradient":""},"tablet":{"background-color":"","background-image":"","background-repeat":"repeat","background-position":"center center","background-size":"auto","background-attachment":"scroll","background-type":"","background-media":"","overlay-type":"","overlay-color":"","overlay-opacity":"","overlay-gradient":""},"mobile":{"background-color":"","background-image":"","background-repeat":"repeat","background-position":"center center","background-size":"auto","background-attachment":"scroll","background-type":"","background-media":"","overlay-type":"","overlay-color":"","overlay-opacity":"","overlay-gradient":""}},"ast-content-background-meta":{"desktop":{"background-color":"var(--ast-global-color-5)","background-image":"","background-repeat":"repeat","background-position":"center center","background-size":"auto","background-attachment":"scroll","background-type":"","background-media":"","overlay-type":"","overlay-color":"","overlay-opacity":"","overlay-gradient":""},"tablet":{"background-color":"var(--ast-global-color-5)","background-image":"","background-repeat":"repeat","background-position":"center center","background-size":"auto","background-attachment":"scroll","background-type":"","background-media":"","overlay-type":"","overlay-color":"","overlay-opacity":"","overlay-gradient":""},"mobile":{"background-color":"var(--ast-global-color-5)","background-image":"","background-repeat":"repeat","background-position":"center center","background-size":"auto","background-attachment":"scroll","background-type":"","background-media":"","overlay-type":"","overlay-color":"","overlay-opacity":"","overlay-gradient":""}},"footnotes":""},"class_list":["post-60","page","type-page","status-publish","hentry"],"aioseo_notices":[],"_links":{"self":[{"href":"https:\/\/floorprotector.at\/easylogger\/wp-json\/wp\/v2\/pages\/60","targetHints":{"allow":["GET"]}}],"collection":[{"href":"https:\/\/floorprotector.at\/easylogger\/wp-json\/wp\/v2\/pages"}],"about":[{"href":"https:\/\/floorprotector.at\/easylogger\/wp-json\/wp\/v2\/types\/page"}],"author":[{"embeddable":true,"href":"https:\/\/floorprotector.at\/easylogger\/wp-json\/wp\/v2\/users\/1"}],"replies":[{"embeddable":true,"href":"https:\/\/floorprotector.at\/easylogger\/wp-json\/wp\/v2\/comments?post=60"}],"version-history":[{"count":17,"href":"https:\/\/floorprotector.at\/easylogger\/wp-json\/wp\/v2\/pages\/60\/revisions"}],"predecessor-version":[{"id":2073,"href":"https:\/\/floorprotector.at\/easylogger\/wp-json\/wp\/v2\/pages\/60\/revisions\/2073"}],"wp:attachment":[{"href":"https:\/\/floorprotector.at\/easylogger\/wp-json\/wp\/v2\/media?parent=60"}],"curies":[{"name":"wp","href":"https:\/\/api.w.org\/{rel}","templated":true}]}}